{"id":26,"date":"2017-02-08T14:37:47","date_gmt":"2017-02-08T14:37:47","guid":{"rendered":"http:\/\/k-drums.de\/?page_id=26"},"modified":"2017-05-24T10:39:23","modified_gmt":"2017-05-24T10:39:23","slug":"ersatzteile","status":"publish","type":"page","link":"http:\/\/k-drums.de\/?page_id=26","title":{"rendered":"Ersatzteile"},"content":{"rendered":"<p><strong>Hier w\u00fcrde man HARDWARE finden, jedoch zum Auflisten zu viel.<\/strong><\/p>\n<p><strong>Wir ben\u00f6tigen selber viele Teile f\u00fcr Restaurationen &#8211; geben aber auch gerne was\u00a0weiter.<\/strong><\/p>\n<p><strong>Von Gummif\u00fcsse \u00fcber Mittelhalterungen, Standtombeine alt und neu, B\u00f6ckchen,<\/strong><br \/>\n<strong> Bassdrum Krallen, Abhebungen, Rosetten u. s. w. ( zur\u00fcck bis in die `60ger Jahre) &#8212; auch hier bei Bedarf bitte melden !<\/strong><\/p>\n<p><strong>Eine M A I L oder einfach anrufen unter 0 1 7 1 2 8 7 3 7 9 6.<\/strong><\/p>\n<p><strong>Wir helfen gerne weiter !!<\/strong><\/p>\n<p><img decoding=\"async\" loading=\"lazy\" class=\" wp-image-143 alignnone\" src=\"http:\/\/k-drums.de\/wp-content\/uploads\/2017\/02\/Werkstatt-Vintage-004-225x300.jpg\" alt=\"\" width=\"300\" height=\"400\" srcset=\"http:\/\/k-drums.de\/wp-content\/uploads\/2017\/02\/Werkstatt-Vintage-004-225x300.jpg 225w, http:\/\/k-drums.de\/wp-content\/uploads\/2017\/02\/Werkstatt-Vintage-004.jpg 576w\" sizes=\"(max-width: 300px) 100vw, 300px\" \/><\/p>\n<p><img decoding=\"async\" loading=\"lazy\" class=\" wp-image-139 alignnone\" src=\"http:\/\/k-drums.de\/wp-content\/uploads\/2017\/02\/Werkstatt-Vintage-001-225x300.jpg\" alt=\"\" width=\"300\" height=\"400\" srcset=\"http:\/\/k-drums.de\/wp-content\/uploads\/2017\/02\/Werkstatt-Vintage-001-225x300.jpg 225w, http:\/\/k-drums.de\/wp-content\/uploads\/2017\/02\/Werkstatt-Vintage-001.jpg 576w\" sizes=\"(max-width: 300px) 100vw, 300px\" \/><\/p>\n<p><img decoding=\"async\" loading=\"lazy\" class=\" wp-image-138 alignnone\" src=\"http:\/\/k-drums.de\/wp-content\/uploads\/2017\/02\/Vintage-Drums-015-300x200.jpg\" alt=\"\" width=\"401\" height=\"267\" srcset=\"http:\/\/k-drums.de\/wp-content\/uploads\/2017\/02\/Vintage-Drums-015-300x200.jpg 300w, http:\/\/k-drums.de\/wp-content\/uploads\/2017\/02\/Vintage-Drums-015-768x512.jpg 768w, http:\/\/k-drums.de\/wp-content\/uploads\/2017\/02\/Vintage-Drums-015.jpg 1024w\" sizes=\"(max-width: 401px) 100vw, 401px\" \/><\/p>\n<p><img decoding=\"async\" loading=\"lazy\" class=\" wp-image-136 alignnone\" src=\"http:\/\/k-drums.de\/wp-content\/uploads\/2017\/02\/Vintage-Drums-014-300x200.jpg\" alt=\"\" width=\"402\" height=\"268\" srcset=\"http:\/\/k-drums.de\/wp-content\/uploads\/2017\/02\/Vintage-Drums-014-300x200.jpg 300w, http:\/\/k-drums.de\/wp-content\/uploads\/2017\/02\/Vintage-Drums-014-768x512.jpg 768w, http:\/\/k-drums.de\/wp-content\/uploads\/2017\/02\/Vintage-Drums-014.jpg 1024w\" sizes=\"(max-width: 402px) 100vw, 402px\" \/><\/p>\n<p><img decoding=\"async\" loading=\"lazy\" class=\" wp-image-135 alignnone\" src=\"http:\/\/k-drums.de\/wp-content\/uploads\/2017\/02\/3088-224x300.jpg\" alt=\"\" width=\"299\" height=\"400\" srcset=\"http:\/\/k-drums.de\/wp-content\/uploads\/2017\/02\/3088-224x300.jpg 224w, http:\/\/k-drums.de\/wp-content\/uploads\/2017\/02\/3088-768x1028.jpg 768w, http:\/\/k-drums.de\/wp-content\/uploads\/2017\/02\/3088-765x1024.jpg 765w, http:\/\/k-drums.de\/wp-content\/uploads\/2017\/02\/3088.jpg 1936w\" sizes=\"(max-width: 299px) 100vw, 299px\" \/><\/p>\n<p><img decoding=\"async\" loading=\"lazy\" class=\" wp-image-133 alignnone\" src=\"http:\/\/k-drums.de\/wp-content\/uploads\/2017\/02\/0812-300x224.jpg\" alt=\"\" width=\"404\" height=\"302\" srcset=\"http:\/\/k-drums.de\/wp-content\/uploads\/2017\/02\/0812-300x224.jpg 300w, http:\/\/k-drums.de\/wp-content\/uploads\/2017\/02\/0812-768x574.jpg 768w, http:\/\/k-drums.de\/wp-content\/uploads\/2017\/02\/0812-1024x765.jpg 1024w\" sizes=\"(max-width: 404px) 100vw, 404px\" \/><\/p>\n","protected":false},"excerpt":{"rendered":"<p>Hier w\u00fcrde man HARDWARE finden, jedoch zum Auflisten zu viel. Wir ben\u00f6tigen selber viele Teile f\u00fcr Restaurationen &#8211; geben aber auch gerne was\u00a0weiter. Von Gummif\u00fcsse \u00fcber Mittelhalterungen, Standtombeine alt und neu, B\u00f6ckchen, Bassdrum Krallen, Abhebungen, Rosetten u. s. w. ( zur\u00fcck bis in die `60ger Jahre) &#8212; auch hier bei Bedarf bitte melden ! Eine &hellip; <a href=\"http:\/\/k-drums.de\/?page_id=26\" class=\"more-link\"><span class=\"screen-reader-text\">Ersatzteile<\/span> weiterlesen<\/a><\/p>\n","protected":false},"author":1,"featured_media":0,"parent":0,"menu_order":0,"comment_status":"closed","ping_status":"closed","template":"","meta":[],"_links":{"self":[{"href":"http:\/\/k-drums.de\/index.php?rest_route=\/wp\/v2\/pages\/26"}],"collection":[{"href":"http:\/\/k-drums.de\/index.php?rest_route=\/wp\/v2\/pages"}],"about":[{"href":"http:\/\/k-drums.de\/index.php?rest_route=\/wp\/v2\/types\/page"}],"author":[{"embeddable":true,"href":"http:\/\/k-drums.de\/index.php?rest_route=\/wp\/v2\/users\/1"}],"replies":[{"embeddable":true,"href":"http:\/\/k-drums.de\/index.php?rest_route=%2Fwp%2Fv2%2Fcomments&post=26"}],"version-history":[{"count":7,"href":"http:\/\/k-drums.de\/index.php?rest_route=\/wp\/v2\/pages\/26\/revisions"}],"predecessor-version":[{"id":34,"href":"http:\/\/k-drums.de\/index.php?rest_route=\/wp\/v2\/pages\/26\/revisions\/34"}],"wp:attachment":[{"href":"http:\/\/k-drums.de\/index.php?rest_route=%2Fwp%2Fv2%2Fmedia&parent=26"}],"curies":[{"name":"wp","href":"https:\/\/api.w.org\/{rel}","templated":true}]}}