{"id":63,"date":"2017-02-10T14:49:09","date_gmt":"2017-02-10T14:49:09","guid":{"rendered":"http:\/\/k-drums.de\/?page_id=63"},"modified":"2017-02-10T16:18:22","modified_gmt":"2017-02-10T16:18:22","slug":"impressum","status":"publish","type":"page","link":"http:\/\/k-drums.de\/?page_id=63","title":{"rendered":"Impressum"},"content":{"rendered":"<p><strong>K<\/strong><strong>-Drums Vintage<\/strong><\/p>\n<p><strong>Norbert Kischkel<\/strong><br \/>\n<strong>Bredderbruchstr. 2<br \/>\n58285 Gevelsberg<\/strong><\/p>\n<p><strong>USt.-Id.-Nr.: DE126476682<\/strong><br \/>\n<strong> Steuer Nr.: 34150800719<\/strong><\/p>\n<p><strong>Mobil: 0171 \/ 287 37 96<\/strong><br \/>\n<strong> E-Mail: kischkel@kdrums.de<\/strong><\/p>\n<p><strong>Web: www.kdrums.de<\/strong><\/p>\n<p><strong>Gestaltung &amp; Layout<\/strong><\/p>\n<p><strong>www.Ants-Design.de<\/strong><\/p>\n<p><strong>Milsper Str 60<\/strong><br \/>\n<strong> 58285 Gevelsberg<\/strong><\/p>\n<p><strong>Tel.: 02332\/557575<\/strong><br \/>\n<strong>E-Mail:info@ants-design.de<\/strong><\/p>\n<p><strong>Allgemeine Nutzungsbedingungen<\/strong><\/p>\n<p><strong>Zugang zu und Nutzung dieser Webseite unterliegen den folgenden Bestimmungen.<\/strong><\/p>\n<p><strong>Rechtlicher Hinweis zu den gesch\u00fctzten Inhalten<\/strong><br \/>\n<strong> Inhalt und Struktur dieser Internet-Seite sind urheberrechtlich gesch\u00fctzt. Die Vervielf\u00e4ltigung, Verbreitung, Ver\u00f6ffentlichung, Ver\u00e4nderung, Bereitstellung f\u00fcr Dritte oder Bearbeitung s\u00e4mtlicher Inhalte und Strukturelemente, insbesondere Texte, Textteile, Bildmaterial, Grafiken, Animationen und Designelemente, bedarf der ausdr\u00fccklichen vorherigen Zustimmung von Kdrums, sofern und soweit die Inhalte und Strukturelemente nach deutschem Recht, insbesondere deutschem Urheberrecht, schutzf\u00e4hig sind. Insbesondere bedarf die \u00dcbernahme auf andere Internet-Seiten der vorgenannten Zustimmung. Ohne Zustimmung ist lediglich die private, nicht kommerzielle Nutzung der Inhalte und Strukturelemente ohne deren Bearbeitung an jeweils einem Arbeitsplatz zul\u00e4ssig.<\/strong><\/p>\n<p><strong>Nutzungs-\u00dcberlassung<\/strong><\/p>\n<p><strong>S\u00e4mtliche in dieser Webseite ver\u00f6ffentlichten Informationen, Dokumente und Darstellungen sind alleiniges Eigentum von Kdrums bzw. des gesondert ausgewiesenen Urhebers. Die Erlaubnis zu ihrer Verwendung steht unter dem Vorbehalt, dass der Copyrightvermerk auf allen Kopien erscheint, der Gebrauch der Informationen nur pers\u00f6nlichen Zwecken dient und keine kommerzielle Verwertung erfolgt, die Informationen in keiner Weise ver\u00e4ndert werden und s\u00e4mtliche Darstellungen der Website nur zusammen mit dem dazugeh\u00f6rigen Text verwendet werden.<\/strong><\/p>\n<p><strong>Haftung f\u00fcr externe Inhalte<\/strong><\/p>\n<p><strong>Kdrums pr\u00fcft und aktualisiert die Inhalte auf dieser Internetseite regelm\u00e4\u00dfig. Trotz aller Sorgfalt k\u00f6nnen sich zwischenzeitlich \u00c4nderungen ergeben. Kdrums ist f\u00fcr die Inhalte anderer Internet-Seiten, die der Nutzer durch Aktivierung eines Links erreicht, nicht verantwortlich.<\/strong><\/p>\n<p><strong>Markennamen<\/strong><\/p>\n<p><strong>Auf dieser Website genannte Marken-, Produkt- und Firmennamen, sowie die verwendeten Warenzeichen und Logos sind das Eigentum der jeweiligen Hersteller und\/ oder Rechteinhaber.<\/strong><\/p>\n","protected":false},"excerpt":{"rendered":"<p>K-Drums Vintage Norbert Kischkel Bredderbruchstr. 2 58285 Gevelsberg USt.-Id.-Nr.: DE126476682 Steuer Nr.: 34150800719 Mobil: 0171 \/ 287 37 96 E-Mail: kischkel@kdrums.de Web: www.kdrums.de Gestaltung &amp; Layout www.Ants-Design.de Milsper Str 60 58285 Gevelsberg Tel.: 02332\/557575 E-Mail:info@ants-design.de Allgemeine Nutzungsbedingungen Zugang zu und Nutzung dieser Webseite unterliegen den folgenden Bestimmungen. Rechtlicher Hinweis zu den gesch\u00fctzten Inhalten Inhalt und &hellip; <a href=\"http:\/\/k-drums.de\/?page_id=63\" class=\"more-link\"><span class=\"screen-reader-text\">Impressum<\/span> weiterlesen<\/a><\/p>\n","protected":false},"author":1,"featured_media":0,"parent":0,"menu_order":0,"comment_status":"closed","ping_status":"closed","template":"","meta":[],"_links":{"self":[{"href":"http:\/\/k-drums.de\/index.php?rest_route=\/wp\/v2\/pages\/63"}],"collection":[{"href":"http:\/\/k-drums.de\/index.php?rest_route=\/wp\/v2\/pages"}],"about":[{"href":"http:\/\/k-drums.de\/index.php?rest_route=\/wp\/v2\/types\/page"}],"author":[{"embeddable":true,"href":"http:\/\/k-drums.de\/index.php?rest_route=\/wp\/v2\/users\/1"}],"replies":[{"embeddable":true,"href":"http:\/\/k-drums.de\/index.php?rest_route=%2Fwp%2Fv2%2Fcomments&post=63"}],"version-history":[{"count":12,"href":"http:\/\/k-drums.de\/index.php?rest_route=\/wp\/v2\/pages\/63\/revisions"}],"predecessor-version":[{"id":98,"href":"http:\/\/k-drums.de\/index.php?rest_route=\/wp\/v2\/pages\/63\/revisions\/98"}],"wp:attachment":[{"href":"http:\/\/k-drums.de\/index.php?rest_route=%2Fwp%2Fv2%2Fmedia&parent=63"}],"curies":[{"name":"wp","href":"https:\/\/api.w.org\/{rel}","templated":true}]}}